{"id":41,"date":"2018-10-01T11:17:15","date_gmt":"2018-10-01T09:17:15","guid":{"rendered":"http:\/\/unitec-sa.net\/unadmin\/?page_id=41"},"modified":"2018-10-01T11:27:33","modified_gmt":"2018-10-01T09:27:33","slug":"contacts","status":"publish","type":"page","link":"https:\/\/unitec-sa.net\/unadmin\/contacts\/","title":{"rendered":"Contacts"},"content":{"rendered":"<div id=\"pl-41\"  class=\"panel-layout\" ><div id=\"pg-41-0\"  class=\"panel-grid panel-no-style\" ><div id=\"pgc-41-0-0\"  class=\"panel-grid-cell\" ><div id=\"panel-41-0-0-0\" class=\"so-panel widget widget_text panel-first-child panel-last-child\" data-index=\"0\" >\t\t\t<div class=\"textwidget\"><div role=\"form\" class=\"wpcf7\" id=\"wpcf7-f5-o1\" lang=\"fr-FR\" dir=\"ltr\">\n<div class=\"screen-reader-response\"><p role=\"status\" aria-live=\"polite\" aria-atomic=\"true\"><\/p> <ul><\/ul><\/div>\n<form action=\"\/unadmin\/wp-json\/wp\/v2\/pages\/41#wpcf7-f5-o1\" method=\"post\" class=\"wpcf7-form init\" novalidate=\"novalidate\" data-status=\"init\">\n<div style=\"display: none;\">\n<input type=\"hidden\" name=\"_wpcf7\" value=\"5\" \/>\n<input type=\"hidden\" name=\"_wpcf7_version\" value=\"5.3.2\" \/>\n<input type=\"hidden\" name=\"_wpcf7_locale\" value=\"fr_FR\" \/>\n<input type=\"hidden\" name=\"_wpcf7_unit_tag\" value=\"wpcf7-f5-o1\" \/>\n<input type=\"hidden\" name=\"_wpcf7_container_post\" value=\"0\" \/>\n<input type=\"hidden\" name=\"_wpcf7_posted_data_hash\" value=\"\" \/>\n<\/div>\n<div class=\"row\">\n<p class=\"col-lg-6 col-md-12 col-sm-12 col-xs-12\">\n<label><span class=\"label-text h6-style\">Votre nom <span class=\"reqired_icon\">*<\/span><\/span><span class=\"wpcf7-form-control-wrap your-name\"><input type=\"text\" name=\"your-name\" value=\"\" size=\"40\" class=\"wpcf7-form-control wpcf7-text wpcf7-validates-as-required\" aria-required=\"true\" aria-invalid=\"false\" placeholder=\"Entrer votre Nom\" \/><\/span><\/label><\/p>\n<p class=\"col-lg-6 col-md-12 col-sm-12 col-xs-12\"><label> <span class=\"label-text h6-style\">Votre T\u00e9l\u00e9phone <span class=\"reqired_icon\">*<\/span><\/span><span class=\"wpcf7-form-control-wrap tel-908\"><input type=\"tel\" name=\"tel-908\" value=\"\" size=\"40\" class=\"wpcf7-form-control wpcf7-text wpcf7-tel wpcf7-validates-as-required wpcf7-validates-as-tel\" aria-required=\"true\" aria-invalid=\"false\" placeholder=\"Entrez s&#039;il vous pla\u00eet votre t\u00e9l\u00e9phone\" \/><\/span> <\/label><\/p>\n<p class=\"col-lg-6 col-md-12 col-sm-12 col-xs-12\"><label><span class=\"label-text h6-style\">Votre E-mail <span class=\"reqired_icon\">*<\/span><\/span><span class=\"wpcf7-form-control-wrap your-email\"><input type=\"email\" name=\"your-email\" value=\"\" size=\"40\" class=\"wpcf7-form-control wpcf7-text wpcf7-email wpcf7-validates-as-required wpcf7-validates-as-email\" aria-required=\"true\" aria-invalid=\"false\" placeholder=\"Entrez s&#039;il vous pla\u00eet votre E-mail\" \/><\/span><\/label><\/p>\n<p class=\"col-lg-6 col-md-12 col-sm-12 col-xs-12\"><label><span class=\"label-text h6-style\">Nature de la demande <span class=\"reqired_icon\">*<\/span><\/span><span class=\"wpcf7-form-control-wrap menu-972\"><select name=\"menu-972\" class=\"wpcf7-form-control wpcf7-select wpcf7-validates-as-required\" aria-required=\"true\" aria-invalid=\"false\"><option value=\"S\u00e9lectionnez votre demande\">S\u00e9lectionnez votre demande<\/option><option value=\"Information\">Information<\/option><option value=\"R\u00e9clamation\">R\u00e9clamation<\/option><option value=\"Suggestion\">Suggestion<\/option><\/select><\/span><\/label><\/p>\n<p class=\"col-lg-12 col-md-12 col-sm-12 col-xs-12\"><label><span class=\"label-text h6-style\">Votre M\u00e9ssage <span class=\"reqired_icon\">*<\/span><\/span><span class=\"wpcf7-form-control-wrap your-message\"><textarea name=\"your-message\" cols=\"40\" rows=\"10\" class=\"wpcf7-form-control wpcf7-textarea\" aria-invalid=\"false\" placeholder=\"Entrez s&#039;il vous pla\u00eet votre Message\"><\/textarea><\/span> <\/label><\/p>\n<p class=\"col-lg-12 col-md-12 col-sm-12 col-xs-12\"><input type=\"submit\" value=\"Envoyer\" class=\"wpcf7-form-control wpcf7-submit\" \/><\/p>\n<\/div>\n<p style=\"display: none !important;\"><label>&#916;<textarea name=\"_wpcf7_ak_hp_textarea\" cols=\"45\" rows=\"8\" maxlength=\"100\"><\/textarea><\/label><input type=\"hidden\" id=\"ak_js_1\" name=\"_wpcf7_ak_js\" value=\"211\"\/><script>document.getElementById( \"ak_js_1\" ).setAttribute( \"value\", ( new Date() ).getTime() );<\/script><\/p><div class=\"wpcf7-response-output\" aria-hidden=\"true\"><\/div><\/form><\/div>\n<\/div>\n\t\t<\/div><\/div><\/div><\/div>","protected":false},"excerpt":{"rendered":"<p>Votre nom * Votre T\u00e9l\u00e9phone * Votre E-mail * Nature de la demande *S\u00e9lectionnez votre demandeInformationR\u00e9clamationSuggestion Votre M\u00e9ssage * &#916;<\/p>\n","protected":false},"author":1,"featured_media":0,"parent":0,"menu_order":0,"comment_status":"closed","ping_status":"closed","template":"","meta":{"footnotes":""},"class_list":["post-41","page","type-page","status-publish","hentry"],"_links":{"self":[{"href":"https:\/\/unitec-sa.net\/unadmin\/wp-json\/wp\/v2\/pages\/41","targetHints":{"allow":["GET"]}}],"collection":[{"href":"https:\/\/unitec-sa.net\/unadmin\/wp-json\/wp\/v2\/pages"}],"about":[{"href":"https:\/\/unitec-sa.net\/unadmin\/wp-json\/wp\/v2\/types\/page"}],"author":[{"embeddable":true,"href":"https:\/\/unitec-sa.net\/unadmin\/wp-json\/wp\/v2\/users\/1"}],"replies":[{"embeddable":true,"href":"https:\/\/unitec-sa.net\/unadmin\/wp-json\/wp\/v2\/comments?post=41"}],"version-history":[{"count":10,"href":"https:\/\/unitec-sa.net\/unadmin\/wp-json\/wp\/v2\/pages\/41\/revisions"}],"predecessor-version":[{"id":52,"href":"https:\/\/unitec-sa.net\/unadmin\/wp-json\/wp\/v2\/pages\/41\/revisions\/52"}],"wp:attachment":[{"href":"https:\/\/unitec-sa.net\/unadmin\/wp-json\/wp\/v2\/media?parent=41"}],"curies":[{"name":"wp","href":"https:\/\/api.w.org\/{rel}","templated":true}]}}